{"id":4217,"date":"2024-03-01T02:56:22","date_gmt":"2024-03-01T02:56:22","guid":{"rendered":"https:\/\/coralazur.com\/?page_id=4217"},"modified":"2026-02-06T07:54:39","modified_gmt":"2026-02-06T07:54:39","slug":"gallery-b-2","status":"publish","type":"page","link":"https:\/\/coralazur.com\/en\/gallery-b-2\/","title":{"rendered":"Gallery"},"content":{"rendered":"<p>[et_pb_section fb_built=&#8221;1&#8243; next_background_color=&#8221;#ffffff&#8221; _builder_version=&#8221;4.27.0&#8243; _module_preset=&#8221;default&#8221; use_background_color_gradient=&#8221;on&#8221; background_color_gradient_direction=&#8221;1deg&#8221; background_color_gradient_stops=&#8221;rgba(0,0,0,0) 55%|rgba(0,0,0,0.38) 100%&#8221; background_color_gradient_overlays_image=&#8221;on&#8221; background_color_gradient_start=&#8221;rgba(0,0,0,0)&#8221; background_color_gradient_end=&#8221;rgba(0,0,0,0.46)&#8221; background_image=&#8221;https:\/\/coralazur.com\/wp-content\/uploads\/sites\/13\/2024\/09\/BEACH-FRONT-2.jpg&#8221; height=&#8221;50vh&#8221; bottom_divider_style=&#8221;wave&#8221; da_disable_devices=&#8221;off|off|off&#8221; locked=&#8221;off&#8221; global_colors_info=&#8221;{}&#8221; da_is_popup=&#8221;off&#8221; da_exit_intent=&#8221;off&#8221; da_has_close=&#8221;on&#8221; da_alt_close=&#8221;off&#8221; da_dark_close=&#8221;off&#8221; da_not_modal=&#8221;on&#8221; da_is_singular=&#8221;off&#8221; da_with_loader=&#8221;off&#8221; da_has_shadow=&#8221;on&#8221;][et_pb_row column_structure=&#8221;3_5,2_5&#8243; _builder_version=&#8221;4.16&#8243; _module_preset=&#8221;default&#8221; custom_margin=&#8221;50px||||false|false&#8221; custom_padding=&#8221;||0px|||&#8221; global_colors_info=&#8221;{}&#8221;][et_pb_column type=&#8221;3_5&#8243; _builder_version=&#8221;4.16&#8243; _module_preset=&#8221;default&#8221; global_colors_info=&#8221;{}&#8221;][\/et_pb_column][et_pb_column type=&#8221;2_5&#8243; _builder_version=&#8221;4.16&#8243; _module_preset=&#8221;default&#8221; global_colors_info=&#8221;{}&#8221;][et_pb_text _builder_version=&#8221;4.24.2&#8243; _module_preset=&#8221;default&#8221; header_font=&#8221;Aclonica||||||||&#8221; header_text_align=&#8221;left&#8221; header_text_color=&#8221;#FFFFFF&#8221; header_font_size=&#8221;60px&#8221; header_line_height=&#8221;1.3em&#8221; header_2_font=&#8221;Aclonica||||||||&#8221; header_2_text_color=&#8221;#893000&#8243; header_2_font_size=&#8221;27px&#8221; custom_padding=&#8221;||0px|10px|false|false&#8221; header_font_size_tablet=&#8221;42px&#8221; header_font_size_phone=&#8221;30px&#8221; header_font_size_last_edited=&#8221;on|phone&#8221; global_colors_info=&#8221;{}&#8221;]<\/p>\n<h1>Gallery<\/h1>\n<p>[\/et_pb_text][\/et_pb_column][\/et_pb_row][\/et_pb_section][et_pb_section fb_built=&#8221;1&#8243; _builder_version=&#8221;4.27.0&#8243; _module_preset=&#8221;default&#8221; background_enable_image=&#8221;off&#8221; min_height=&#8221;864.6px&#8221; custom_padding=&#8221;0px|||||&#8221; da_disable_devices=&#8221;off|off|off&#8221; global_colors_info=&#8221;{}&#8221; da_is_popup=&#8221;off&#8221; da_exit_intent=&#8221;off&#8221; da_has_close=&#8221;on&#8221; da_alt_close=&#8221;off&#8221; da_dark_close=&#8221;off&#8221; da_not_modal=&#8221;on&#8221; da_is_singular=&#8221;off&#8221; da_with_loader=&#8221;off&#8221; da_has_shadow=&#8221;on&#8221;][et_pb_row disabled_on=&#8221;off|off|off&#8221; _builder_version=&#8221;4.25.1&#8243; _module_preset=&#8221;default&#8221; custom_margin=&#8221;50px||||false|false&#8221; custom_padding=&#8221;||0px|||&#8221; global_colors_info=&#8221;{}&#8221;][et_pb_column type=&#8221;4_4&#8243; _builder_version=&#8221;4.23.2&#8243; _module_preset=&#8221;default&#8221; global_colors_info=&#8221;{}&#8221;][et_pb_text _builder_version=&#8221;4.24.2&#8243; _module_preset=&#8221;default&#8221; header_font=&#8221;Aclonica||||||||&#8221; header_text_align=&#8221;left&#8221; header_text_color=&#8221;gcid-d8d70d43-201e-4762-8f5a-920c0cb07954&#8243; header_font_size=&#8221;60px&#8221; header_line_height=&#8221;1.3em&#8221; header_2_font=&#8221;Aclonica||||||||&#8221; header_2_text_color=&#8221;gcid-a329f484-cc40-4f4f-b086-d79f40625c41&#8243; header_2_font_size=&#8221;27px&#8221; custom_padding=&#8221;||0px|10px|false|false&#8221; header_font_size_tablet=&#8221;42px&#8221; header_font_size_phone=&#8221;30px&#8221; header_font_size_last_edited=&#8221;on|phone&#8221; global_colors_info=&#8221;{%22gcid-d8d70d43-201e-4762-8f5a-920c0cb07954%22:%91%22header_text_color%22%93,%22gcid-a329f484-cc40-4f4f-b086-d79f40625c41%22:%91%22header_2_text_color%22%93}&#8221;]<\/p>\n<h2>Photogallery<\/h2>\n<p>[\/et_pb_text][et_pb_gallery gallery_ids=&#8221;4600,4660,4624,4670,4666,4664,4662,4658,4656,4654,4652,4648,4650,4644,4642,4638,4634,4632,4630,4628,4626,4622,4620,4618,4614,4616,4612,4610,4606,4602,4598,4596,4592,4590,4588,4586,4582,4578,4576,4574,4564,4562,4560,4556,4554,4552,4548,4546,4544,4542,4540,4538,4536,4534,4530,4528,4526,4524,4522,4520,4518,5508,5506,5504,5502,5512,5514,5516,5518,5520,5522,5524,5526,5528,5528,5526,5524,5522,5520,5518,5516,5514,5512&#8243; fullwidth=&#8221;on&#8221; _builder_version=&#8221;4.27.5&#8243; _module_preset=&#8221;default&#8221; background_layout=&#8221;dark&#8221; hover_enabled=&#8221;0&#8243; saved_tabs=&#8221;all&#8221; locked=&#8221;off&#8221; global_colors_info=&#8221;{}&#8221; sticky_enabled=&#8221;0&#8243;][\/et_pb_gallery][\/et_pb_column][\/et_pb_row][\/et_pb_section]<\/p>\n","protected":false},"excerpt":{"rendered":"<p>GalleryPhotogallery<\/p>\n","protected":false},"author":1,"featured_media":0,"parent":0,"menu_order":0,"comment_status":"closed","ping_status":"closed","template":"","meta":{"_acf_changed":false,"_et_pb_use_builder":"on","_et_pb_old_content":"[et_pb_section fb_built=\"1\" next_background_color=\"#ffffff\" _builder_version=\"4.23.1\" _module_preset=\"default\" background_image=\"http:\/\/coralazur.campaigns.page\/wp-content\/uploads\/sites\/13\/2022\/04\/family-playing-at-the-beach-2021-08-27-00-05-06-utc.jpg\" background_position=\"top_right\" height=\"70vh\" bottom_divider_style=\"wave\" hover_enabled=\"0\" da_disable_devices=\"off|off|off\" global_colors_info=\"{}\" custom_padding=\"37px||50px|||\" sticky_enabled=\"0\" height_last_edited=\"on|phone\" height_phone=\"50vh\" custom_margin=\"||||false|false\" da_is_popup=\"off\" da_exit_intent=\"off\" da_has_close=\"on\" da_alt_close=\"off\" da_dark_close=\"off\" da_not_modal=\"on\" da_is_singular=\"off\" da_with_loader=\"off\" da_has_shadow=\"on\" height_tablet=\"70vh\"][et_pb_row column_structure=\"3_5,2_5\" _builder_version=\"4.16\" _module_preset=\"default\" custom_padding=\"0px|||||\" global_colors_info=\"{}\" disabled_on=\"on|on|off\"][et_pb_column type=\"3_5\" _builder_version=\"4.16\" _module_preset=\"default\" global_colors_info=\"{}\"][et_pb_text _builder_version=\"4.23.1\" _module_preset=\"default\" header_font=\"Aclonica||||||||\" header_text_align=\"left\" header_text_color=\"gcid-d8d70d43-201e-4762-8f5a-920c0cb07954\" header_font_size=\"42px\" header_line_height=\"1.3em\" hover_enabled=\"0\" global_colors_info=\"{%22gcid-d8d70d43-201e-4762-8f5a-920c0cb07954%22:%91%22header_text_color%22%93}\" header_font_size_last_edited=\"on|phone\" header_font_size_phone=\"30px\" sticky_enabled=\"0\" header_font_size_tablet=\"42px\"]<h1>L\u2019h\u00f4tel familial par excellence pour des moments inoubliables<\/h1>[\/et_pb_text][\/et_pb_column][et_pb_column type=\"2_5\" _builder_version=\"4.16\" _module_preset=\"default\" global_colors_info=\"{}\"][\/et_pb_column][\/et_pb_row][\/et_pb_section][et_pb_section fb_built=\"1\" theme_builder_area=\"post_content\" _builder_version=\"4.23.1\" _module_preset=\"default\" da_is_popup=\"off\" da_exit_intent=\"off\" da_has_close=\"on\" da_alt_close=\"off\" da_dark_close=\"off\" da_not_modal=\"on\" da_is_singular=\"off\" da_with_loader=\"off\" da_has_shadow=\"on\" da_disable_devices=\"off|off|off\"][et_pb_row _builder_version=\"4.23.1\" _module_preset=\"default\" column_structure=\"3_4,1_4\" theme_builder_area=\"post_content\"][et_pb_column _builder_version=\"4.23.1\" _module_preset=\"default\" type=\"3_4\" theme_builder_area=\"post_content\"][et_pb_text _builder_version=\"4.23.1\" _module_preset=\"default\" header_font=\"Aclonica||||||||\" header_text_align=\"left\" header_text_color=\"gcid-d8d70d43-201e-4762-8f5a-920c0cb07954\" header_font_size=\"42px\" header_line_height=\"1.3em\" hover_enabled=\"0\" global_colors_info=\"{%22gcid-d8d70d43-201e-4762-8f5a-920c0cb07954%22:%91%22header_text_color%22%93}\" header_font_size_last_edited=\"on|phone\" header_font_size_phone=\"30px\" sticky_enabled=\"0\" theme_builder_area=\"post_content\" disabled_on=\"off|off|on\" custom_margin=\"||0px||false|false\" header_font_size_tablet=\"42px\"]<h1>L\u2019h\u00f4tel familial par excellence pour des moments inoubliables<\/h1>[\/et_pb_text][et_pb_text _builder_version=\"4.23.1\" _module_preset=\"default\" header_2_font_size=\"40px\" hover_enabled=\"0\" global_colors_info=\"{%22gcid-d8d70d43-201e-4762-8f5a-920c0cb07954%22:%91%22header_2_text_color%22%93}\" header_2_text_color=\"gcid-d8d70d43-201e-4762-8f5a-920c0cb07954\" sticky_enabled=\"0\" theme_builder_area=\"post_content\" header_2_font_size_last_edited=\"on|tablet\" header_2_font_size_phone=\"29px\" header_2_font_size_tablet=\"31px\"]<h2>D\u00e9couvrez l\u2019authentique hospitalit\u00e9 Mauricienne<\/h2>[\/et_pb_text][et_pb_text _builder_version=\"4.19.5\" _module_preset=\"default\" text_font_size=\"18px\" text_line_height=\"1.9em\" global_colors_info=\"{}\" theme_builder_area=\"post_content\"]<p>Depuis une trentaine d'ann\u00e9es, l\u2019\u00e9quipe Coral Azur, v\u00e9ritable famille, reste soud\u00e9e et disponible pour vous offrir un s\u00e9jour de r\u00eave. Des sourires, un brin d\u2019humour, et du partage\u2026 Voil\u00e0 ce qui anime au quotidien chacun des membres de l\u2019h\u00f4tel. Dot\u00e9s d\u2019une formation h\u00f4teli\u00e8re de qualit\u00e9, ils sauront combler tous vos besoins et vous embarquer dans l\u2019art de vivre \u00e0 la Mauricienne.<\/p>[\/et_pb_text][\/et_pb_column][et_pb_column _builder_version=\"4.23.1\" _module_preset=\"default\" type=\"1_4\" theme_builder_area=\"post_content\"][et_pb_image src=\"http:\/\/coralazur.campaigns.page\/wp-content\/uploads\/sites\/13\/2022\/04\/t_1.png\" title_text=\"t_1\" _builder_version=\"4.23.1\" _module_preset=\"default\" width=\"100px\" module_alignment=\"left\" hover_enabled=\"0\" border_radii=\"on|10px|10px|10px|10px\" global_colors_info=\"{}\" theme_builder_area=\"post_content\" max_width=\"100px\" sticky_enabled=\"0\"][\/et_pb_image][et_pb_image src=\"http:\/\/coralazur.campaigns.page\/wp-content\/uploads\/sites\/13\/2022\/04\/Unknown-11.png\" title_text=\"Unknown-11\" _builder_version=\"4.23.1\" _module_preset=\"default\" width=\"100px\" module_alignment=\"left\" hover_enabled=\"0\" border_radii=\"on|10px|10px|10px|10px\" global_colors_info=\"{}\" theme_builder_area=\"post_content\" max_width=\"100px\" sticky_enabled=\"0\"][\/et_pb_image][\/et_pb_column][\/et_pb_row][\/et_pb_section][et_pb_section fb_built=\"1\" _builder_version=\"4.23.1\" _module_preset=\"default\" background_enable_color=\"off\" use_background_color_gradient=\"on\" background_color_gradient_stops=\"rgba(0,0,0,0.42) 33%|rgba(0,0,0,0) 70%\" background_color_gradient_overlays_image=\"on\" background_color_gradient_start=\"rgba(0,0,0,0.24)\" background_color_gradient_end=\"rgba(0,0,0,0)\" background_image=\"http:\/\/coralazur.campaigns.page\/wp-content\/uploads\/sites\/13\/2022\/04\/heroimage.jpg\" parallax=\"on\" custom_padding=\"0px||2px|||\" bottom_divider_color=\"gcid-d8d70d43-201e-4762-8f5a-920c0cb07954\" bottom_divider_height=\"92px\" hover_enabled=\"0\" da_disable_devices=\"off|off|off\" global_colors_info=\"{%22gcid-d8d70d43-201e-4762-8f5a-920c0cb07954%22:%91%22bottom_divider_color%22%93}\" sticky_enabled=\"0\" da_is_popup=\"off\" da_exit_intent=\"off\" da_has_close=\"on\" da_alt_close=\"off\" da_dark_close=\"off\" da_not_modal=\"on\" da_is_singular=\"off\" da_with_loader=\"off\" da_has_shadow=\"on\"][et_pb_row make_equal=\"on\" _builder_version=\"4.23.1\" _module_preset=\"default\" background_enable_image=\"off\" positioning=\"none\" position_origin_a=\"center_left\" width=\"100%\" max_width=\"100%\" height=\"80vh\" custom_padding=\"0px|30px|200px|30px|false|true\" hover_enabled=\"0\" global_colors_info=\"{}\" sticky_enabled=\"0\" height_last_edited=\"on|phone\" height_tablet=\"80vh\" height_phone=\"80vh\"][et_pb_column type=\"4_4\" _builder_version=\"4.16\" _module_preset=\"default\" background_enable_image=\"off\" global_colors_info=\"{}\"][et_pb_text _builder_version=\"4.23.1\" _module_preset=\"default\" header_font=\"Aclonica||||||||\" header_text_align=\"left\" header_font_size=\"42px\" header_line_height=\"1.3em\" header_2_font=\"Aclonica||||||||\" header_2_text_align=\"center\" header_2_text_color=\"#FFFFFF\" custom_margin=\"||0px||false|false\" custom_padding=\"111px||||false|false\" hover_enabled=\"0\" global_colors_info=\"{}\" header_2_font_size_last_edited=\"on|phone\" header_2_font_size_phone=\"29px\" sticky_enabled=\"0\" header_2_font_size_tablet=\"36px\"]<h2>Une vue spectaculaire sur la c\u00f4te<\/h2>[\/et_pb_text][et_pb_text _builder_version=\"4.23.1\" _module_preset=\"default\" header_font=\"Aclonica||||||||\" header_text_align=\"left\" header_font_size=\"42px\" header_line_height=\"1.3em\" header_2_font=\"Aclonica||||||||\" header_2_text_align=\"center\" header_2_text_color=\"#FFFFFF\" header_2_font_size=\"25px\" header_2_line_height=\"1.6em\" custom_padding=\"||||false|false\" hover_enabled=\"0\" global_colors_info=\"{}\" header_2_font_size_last_edited=\"on|tablet\" header_2_font_size_phone=\"17px\" sticky_enabled=\"0\" header_2_font_size_tablet=\"20px\"]<h2>et parfaitement situ\u00e9 \u00e0 quelques metres des belles\u00a0<span>plages<br \/>de Mont Choisy et Trou aux Biches <\/span><\/h2>[\/et_pb_text][\/et_pb_column][\/et_pb_row][\/et_pb_section][et_pb_section fb_built=\"1\" _builder_version=\"4.16\" _module_preset=\"default\" background_color=\"#f2f1f1\" custom_padding=\"||33px|||\" da_disable_devices=\"off|off|off\" global_colors_info=\"{}\" da_is_popup=\"off\" da_exit_intent=\"off\" da_has_close=\"on\" da_alt_close=\"off\" da_dark_close=\"off\" da_not_modal=\"on\" da_is_singular=\"off\" da_with_loader=\"off\" da_has_shadow=\"on\"][et_pb_row column_structure=\"1_2,1_2\" _builder_version=\"4.16\" _module_preset=\"default\" global_colors_info=\"{}\"][et_pb_column type=\"1_2\" _builder_version=\"4.16\" _module_preset=\"default\" global_colors_info=\"{}\"][et_pb_image src=\"http:\/\/coralazur.campaigns.page\/wp-content\/uploads\/sites\/13\/2022\/04\/rsz_2coral_room__balcony.jpg\" title_text=\"rsz_2coral_room_&_balcony\" force_fullwidth=\"on\" _builder_version=\"4.16\" _module_preset=\"default\" border_radii=\"on|20px|20px|20px|20px\" global_colors_info=\"{}\"][\/et_pb_image][et_pb_text _builder_version=\"4.17.4\" _module_preset=\"45cbabad-213a-470f-89b0-47c9aaf4146b\" global_colors_info=\"{}\"]<h3>Chambres <\/h3>[\/et_pb_text][et_pb_text _builder_version=\"4.17.4\" _module_preset=\"default\" text_text_color=\"#000000\" text_font_size=\"18px\" text_orientation=\"center\" global_colors_info=\"{}\"]Des chambres tout confort face \u00e0 la mer ou au c\u0153ur du jardin verdoyant de l\u2019h\u00f4tel.[\/et_pb_text][et_pb_button button_url=\"\/accommodation\/\" button_text=\"D\u00e9couvrir\" _builder_version=\"4.23.1\" _module_preset=\"45aac0b6-7e09-4ee0-a080-97b37875e8a3\" hover_enabled=\"0\" global_colors_info=\"{}\" custom_margin=\"||70px||false|false\" sticky_enabled=\"0\"][\/et_pb_button][\/et_pb_column][et_pb_column type=\"1_2\" _builder_version=\"4.16\" _module_preset=\"default\" global_colors_info=\"{}\"][et_pb_image src=\"http:\/\/coralazur.campaigns.page\/wp-content\/uploads\/sites\/13\/2022\/04\/dinner-in-the-beach-2021-09-03-18-45-53-utc.jpg\" title_text=\"dinner-in-the-beach-2021-09-03-18-45-53-utc\" force_fullwidth=\"on\" _builder_version=\"4.16\" _module_preset=\"default\" border_radii=\"on|20px|20px|20px|20px\" global_colors_info=\"{}\"][\/et_pb_image][et_pb_text _builder_version=\"4.17.4\" _module_preset=\"45cbabad-213a-470f-89b0-47c9aaf4146b\" header_3_font_size=\"24px\" global_colors_info=\"{}\"]<h3>Bars & Restaurants<\/h3>[\/et_pb_text][et_pb_text _builder_version=\"4.17.4\" _module_preset=\"default\" text_text_color=\"#000000\" text_font_size=\"18px\" text_orientation=\"center\" global_colors_info=\"{}\"]<p><span style=\"font-weight: 400;\">D\u00e9couvrez les talents culinaires de nos chefs qualifi\u00e9s et la gastronomie mauricienne<\/span><\/p>[\/et_pb_text][et_pb_button button_url=\"\/bars-and-resturants\/\" button_text=\"D\u00e9couvrir\" _builder_version=\"4.18.1\" _module_preset=\"45aac0b6-7e09-4ee0-a080-97b37875e8a3\" global_colors_info=\"{}\"][\/et_pb_button][\/et_pb_column][\/et_pb_row][\/et_pb_section][et_pb_section fb_built=\"1\" prev_background_color=\"#f2f1f1\" _builder_version=\"4.23.1\" _module_preset=\"default\" background_color=\"#f2f1f1\" use_background_color_gradient=\"on\" background_color_gradient_stops=\"rgba(0,0,0,0.44) 0%|rgba(0,0,0,0) 100%\" background_color_gradient_overlays_image=\"on\" background_image=\"http:\/\/coralazur.campaigns.page\/wp-content\/uploads\/sites\/13\/2022\/04\/happy-friends-cheering-with-tropical-cocktail-in-b-2021-09-03-13-07-43-utc.jpg\" custom_padding=\"152px||160px|||\" top_divider_style=\"wave\" top_divider_flip=\"horizontal\" bottom_divider_flip=\"vertical\" hover_enabled=\"0\" da_disable_devices=\"off|off|off\" global_colors_info=\"{%22gcid-6d15bf35-845f-4065-a03f-51537042b026%22:%91%22background_mask_color%22%93}\" sticky_enabled=\"0\" parallax=\"on\" da_is_popup=\"off\" da_exit_intent=\"off\" da_has_close=\"on\" da_alt_close=\"off\" da_dark_close=\"off\" da_not_modal=\"on\" da_is_singular=\"off\" da_with_loader=\"off\" da_has_shadow=\"on\"][et_pb_row column_structure=\"3_4,1_4\" _builder_version=\"4.23.1\" _module_preset=\"default\" positioning=\"none\" position_origin_a=\"center_right\" hover_enabled=\"0\" global_colors_info=\"{}\" sticky_enabled=\"0\"][et_pb_column type=\"3_4\" _builder_version=\"4.16\" _module_preset=\"default\" global_colors_info=\"{}\"][et_pb_text _builder_version=\"4.23.1\" _module_preset=\"default\" text_font=\"Aclonica||||||||\" text_text_color=\"#FFFFFF\" text_font_size=\"140px\" header_font=\"Aclonica||||||||\" header_text_align=\"left\" header_font_size=\"42px\" header_line_height=\"1.3em\" header_2_font=\"Aclonica||||||||\" header_2_text_color=\"#FFFFFF\" transform_translate_linked=\"off\" hover_enabled=\"0\" text_text_shadow_style=\"preset3\" global_colors_info=\"{}\" sticky_enabled=\"0\" text_font_size_last_edited=\"on|tablet\" text_font_size_phone=\"50px\" text_font_size_tablet=\"80px\"]<p>Rire<\/p>\n<p>D\u00e9tente<\/p>\n<p>Partage<\/p>[\/et_pb_text][\/et_pb_column][et_pb_column type=\"1_4\" _builder_version=\"4.16\" _module_preset=\"default\" global_colors_info=\"{}\"][\/et_pb_column][\/et_pb_row][\/et_pb_section][et_pb_section fb_built=\"1\" _builder_version=\"4.16\" _module_preset=\"default\" custom_padding=\"0px||0px|||\" da_disable_devices=\"off|off|off\" global_module=\"3604\" saved_tabs=\"all\" global_colors_info=\"{}\" da_is_popup=\"off\" da_exit_intent=\"off\" da_has_close=\"on\" da_alt_close=\"off\" da_dark_close=\"off\" da_not_modal=\"on\" da_is_singular=\"off\" da_with_loader=\"off\" da_has_shadow=\"on\"][et_pb_row column_structure=\"1_3,1_3,1_3\" use_custom_gutter=\"on\" gutter_width=\"1\" make_equal=\"on\" _builder_version=\"4.16\" _module_preset=\"default\" width=\"100%\" max_width=\"100%\" custom_padding=\"0px||0px||true|false\" global_colors_info=\"{}\"][et_pb_column type=\"1_3\" _builder_version=\"4.16\" _module_preset=\"default\" background_color=\"rgba(0,0,0,0.28)\" background_image=\"http:\/\/coralazur.campaigns.page\/wp-content\/uploads\/sites\/13\/2022\/02\/spa.jpg\" background_blend=\"overlay\" custom_padding=\"100px||100px||true|false\" global_colors_info=\"{}\"][et_pb_text _builder_version=\"4.16\" _module_preset=\"default\" header_2_text_align=\"center\" header_2_text_color=\"#FFFFFF\" header_2_font_size=\"40px\" global_colors_info=\"{}\"]<h2>SPA<\/h2>[\/et_pb_text][et_pb_text _builder_version=\"4.17.4\" _module_preset=\"default\" text_font=\"|600|||||||\" text_text_color=\"#FFFFFF\" text_font_size=\"18px\" text_orientation=\"center\" custom_padding=\"|20px|20px|20px|false|true\" global_colors_info=\"{}\"]Une \u00e9quipe de professionnels est pr\u00e9sente sur place pour vous offrir un moment de d\u00e9tente d\u2019exception.[\/et_pb_text][et_pb_button button_url=\"\/spa\/\" button_text=\"En savoir plus\" button_alignment=\"center\" _builder_version=\"4.18.1\" _module_preset=\"default\" custom_button=\"on\" button_text_size=\"16px\" button_text_color=\"gcid-dc914ad8-ad8f-4ca0-9e17-c6ce104f574c\" button_bg_color=\"#FFFFFF\" button_border_width=\"0px\" button_border_radius=\"20px\" button_font=\"|700|||||||\" global_colors_info=\"{%22gcid-dc914ad8-ad8f-4ca0-9e17-c6ce104f574c%22:%91%22button_text_color%22%93}\"][\/et_pb_button][\/et_pb_column][et_pb_column type=\"1_3\" _builder_version=\"4.16\" _module_preset=\"default\" background_color=\"rgba(0,0,0,0.28)\" background_image=\"http:\/\/coralazur.campaigns.page\/wp-content\/uploads\/sites\/13\/2022\/01\/kaya.jpg\" background_blend=\"overlay\" custom_padding=\"100px||100px||true|false\" global_colors_info=\"{}\"][et_pb_text _builder_version=\"4.17.4\" _module_preset=\"default\" header_2_text_align=\"center\" header_2_text_color=\"#FFFFFF\" header_2_font_size=\"40px\" global_colors_info=\"{}\"]<h2>Activit\u00e9s terrestres et nautiques<br \/>\n<\/h2>[\/et_pb_text][et_pb_text _builder_version=\"4.17.4\" _module_preset=\"default\" text_font=\"|600|||||||\" text_text_color=\"#FFFFFF\" text_font_size=\"18px\" text_orientation=\"center\" custom_padding=\"|20px|20px|20px|false|true\" global_colors_info=\"{}\"]Profitez d\u2019incroyables activit\u00e9s \u00e0 faire en famille sur les terres mauriciennes ou dans l\u2019eau sal\u00e9 de l\u2019oc\u00e9an Indien.[\/et_pb_text][et_pb_button button_url=\"\/land-water-activities\/\" button_text=\"En savoir plus\" button_alignment=\"center\" _builder_version=\"4.18.1\" _module_preset=\"default\" custom_button=\"on\" button_text_size=\"16px\" button_text_color=\"gcid-dc914ad8-ad8f-4ca0-9e17-c6ce104f574c\" button_bg_color=\"#FFFFFF\" button_border_width=\"0px\" button_border_radius=\"20px\" button_font=\"|700|||||||\" global_colors_info=\"{%22gcid-dc914ad8-ad8f-4ca0-9e17-c6ce104f574c%22:%91%22button_text_color%22%93}\"][\/et_pb_button][\/et_pb_column][et_pb_column type=\"1_3\" _builder_version=\"4.16\" _module_preset=\"default\" background_color=\"rgba(0,0,0,0.19)\" background_image=\"http:\/\/coralazur.campaigns.page\/wp-content\/uploads\/sites\/13\/2022\/01\/activite_2.jpg\" background_blend=\"overlay\" custom_padding=\"100px||100px||true|false\" global_colors_info=\"{}\"][et_pb_text _builder_version=\"4.18.1\" _module_preset=\"default\" header_2_text_align=\"center\" header_2_text_color=\"#FFFFFF\" header_2_font_size=\"40px\" global_colors_info=\"{}\"]<h2>Club Enfant<\/h2>[\/et_pb_text][et_pb_text _builder_version=\"4.17.4\" _module_preset=\"default\" text_font=\"|600|||||||\" text_text_color=\"#FFFFFF\" text_font_size=\"18px\" text_orientation=\"center\" custom_padding=\"|20px|20px|20px|false|true\" global_colors_info=\"{}\"]Laissez vos enfants aux bons soins de nos animateurs pour des journ\u00e9es et soir\u00e9es charg\u00e9es en activit\u00e9s ![\/et_pb_text][et_pb_button button_url=\"https:\/\/coralazur.campaigns.page\/kids-club\/\" button_text=\"En savoir plus\" button_alignment=\"center\" _builder_version=\"4.23.1\" _module_preset=\"default\" custom_button=\"on\" button_text_size=\"16px\" button_text_color=\"gcid-dc914ad8-ad8f-4ca0-9e17-c6ce104f574c\" button_bg_color=\"#FFFFFF\" button_border_width=\"0px\" button_border_radius=\"20px\" button_font=\"|700|||||||\" global_colors_info=\"{%22gcid-dc914ad8-ad8f-4ca0-9e17-c6ce104f574c%22:%91%22button_text_color%22%93}\"][\/et_pb_button][\/et_pb_column][\/et_pb_row][\/et_pb_section][et_pb_section fb_built=\"1\" _builder_version=\"4.23.1\" _module_preset=\"default\" background_color=\"gcid-d8d70d43-201e-4762-8f5a-920c0cb07954\" background_enable_mask_style=\"on\" background_mask_color=\"gcid-a329f484-cc40-4f4f-b086-d79f40625c41\" background_mask_size=\"cover\" da_disable_devices=\"off|off|off\" global_colors_info=\"{%22gcid-d8d70d43-201e-4762-8f5a-920c0cb07954%22:%91%22background_color%22%93,%22gcid-a329f484-cc40-4f4f-b086-d79f40625c41%22:%91%22background_mask_color%22%93}\" global_module=\"3741\" saved_tabs=\"all\" locked=\"off\" da_is_popup=\"off\" da_exit_intent=\"off\" da_has_close=\"on\" da_alt_close=\"off\" da_dark_close=\"off\" da_not_modal=\"on\" da_is_singular=\"off\" da_with_loader=\"off\" da_has_shadow=\"on\"][et_pb_row _builder_version=\"4.18.1\" _module_preset=\"default\" locked=\"off\" global_colors_info=\"{}\"][et_pb_column type=\"4_4\" _builder_version=\"4.18.1\" _module_preset=\"default\" global_colors_info=\"{}\"][et_pb_button button_url=\"https:\/\/be-p1.synxis.com\/?adult=2&arrive=2023-12-08&chain=14463&child=0&clearcache=all&config=CABRCONFIG&currency=EUR&depart=2023-12-09&hotel=43704&level=hotel&locale=en-US&rooms=1&theme=CABRTHEME\" button_text=\"Reservation\" _builder_version=\"4.23.1\" _module_preset=\"45aac0b6-7e09-4ee0-a080-97b37875e8a3\" button_text_size=\"19px\" button_text_color=\"#FFFFFF\" button_border_width=\"2px\" button_border_color=\"gcid-6a2904e4-642b-4057-a687-a5c1556208fd\" custom_padding=\"|50px|8px|50px|false|true\" global_colors_info=\"{%22gcid-6d15bf35-845f-4065-a03f-51537042b026%22:%91%22button_bg_color%22,%22button_bg_color%22%93,%22gcid-6a2904e4-642b-4057-a687-a5c1556208fd%22:%91%22button_border_color%22%93}\"][\/et_pb_button][\/et_pb_column][\/et_pb_row][\/et_pb_section]","_et_gb_content_width":"","footnotes":""},"dipi_cpt_category":[],"layout":[],"class_list":["post-4217","page","type-page","status-publish","hentry"],"acf":[],"_links":{"self":[{"href":"https:\/\/coralazur.com\/en\/wp-json\/wp\/v2\/pages\/4217","targetHints":{"allow":["GET"]}}],"collection":[{"href":"https:\/\/coralazur.com\/en\/wp-json\/wp\/v2\/pages"}],"about":[{"href":"https:\/\/coralazur.com\/en\/wp-json\/wp\/v2\/types\/page"}],"author":[{"embeddable":true,"href":"https:\/\/coralazur.com\/en\/wp-json\/wp\/v2\/users\/1"}],"replies":[{"embeddable":true,"href":"https:\/\/coralazur.com\/en\/wp-json\/wp\/v2\/comments?post=4217"}],"version-history":[{"count":5,"href":"https:\/\/coralazur.com\/en\/wp-json\/wp\/v2\/pages\/4217\/revisions"}],"predecessor-version":[{"id":5531,"href":"https:\/\/coralazur.com\/en\/wp-json\/wp\/v2\/pages\/4217\/revisions\/5531"}],"wp:attachment":[{"href":"https:\/\/coralazur.com\/en\/wp-json\/wp\/v2\/media?parent=4217"}],"wp:term":[{"taxonomy":"dipi_cpt_category","embeddable":true,"href":"https:\/\/coralazur.com\/en\/wp-json\/wp\/v2\/dipi_cpt_category?post=4217"},{"taxonomy":"layout","embeddable":true,"href":"https:\/\/coralazur.com\/en\/wp-json\/wp\/v2\/layout?post=4217"}],"curies":[{"name":"wp","href":"https:\/\/api.w.org\/{rel}","templated":true}]}}